{"id":36062,"date":"2021-06-01T13:47:59","date_gmt":"2021-06-01T13:47:59","guid":{"rendered":"https:\/\/ahvendre.com\/nous-contacter-2\/"},"modified":"2025-05-01T15:11:49","modified_gmt":"2025-05-01T15:11:49","slug":"nous-contacter-2","status":"publish","type":"page","link":"https:\/\/ahvendre.com\/fr\/nous-contacter-2\/","title":{"rendered":"Nous contacter"},"content":{"rendered":"\t\t<div data-elementor-type=\"wp-page\" data-elementor-id=\"36062\" class=\"elementor elementor-36062 elementor-36057\" data-elementor-post-type=\"page\">\n\t\t\t\t\t\t<section class=\"elementor-section elementor-top-section elementor-element elementor-element-484257 elementor-section-full_width elementor-section-height-default elementor-section-height-default\" data-id=\"484257\" data-element_type=\"section\" data-e-type=\"section\" data-settings=\"{&quot;background_background&quot;:&quot;slideshow&quot;,&quot;background_slideshow_gallery&quot;:[{&quot;id&quot;:17242,&quot;url&quot;:&quot;https:\\\/\\\/demo02.houzez.co\\\/wp-content\\\/uploads\\\/2020\\\/03\\\/206.jpg&quot;},{&quot;id&quot;:17243,&quot;url&quot;:&quot;https:\\\/\\\/demo02.houzez.co\\\/wp-content\\\/uploads\\\/2020\\\/03\\\/205.jpg&quot;},{&quot;id&quot;:17244,&quot;url&quot;:&quot;https:\\\/\\\/demo02.houzez.co\\\/wp-content\\\/uploads\\\/2020\\\/03\\\/204.jpg&quot;}],&quot;background_slideshow_ken_burns&quot;:&quot;yes&quot;,&quot;background_slideshow_slide_duration&quot;:7000,&quot;background_slideshow_loop&quot;:&quot;yes&quot;,&quot;background_slideshow_slide_transition&quot;:&quot;fade&quot;,&quot;background_slideshow_transition_duration&quot;:500,&quot;background_slideshow_ken_burns_zoom_direction&quot;:&quot;in&quot;}\">\n\t\t\t\t\t\t\t<div class=\"elementor-background-overlay\"><\/div>\n\t\t\t\t\t\t\t<div class=\"elementor-container elementor-column-gap-no\">\n\t\t\t\t\t<div class=\"elementor-column elementor-col-100 elementor-top-column elementor-element elementor-element-62098d7\" data-id=\"62098d7\" data-element_type=\"column\" data-e-type=\"column\">\n\t\t\t<div class=\"elementor-widget-wrap elementor-element-populated\">\n\t\t\t\t\t\t<div class=\"elementor-element elementor-element-45307afe elementor-widget elementor-widget-houzez_elementor_space\" data-id=\"45307afe\" data-element_type=\"widget\" data-e-type=\"widget\" data-widget_type=\"houzez_elementor_space.default\">\n\t\t\t\t<div class=\"elementor-widget-container\">\n\t\t\t\t\t        <div class=\"houzez-spacer\">\n            <div class=\"houzez-spacer-inner\"><\/div>\n        <\/div>\n        \t\t\t\t<\/div>\n\t\t\t\t<\/div>\n\t\t\t\t<section class=\"elementor-section elementor-inner-section elementor-element elementor-element-ad28f39 elementor-section-content-middle elementor-section-boxed elementor-section-height-default elementor-section-height-default\" data-id=\"ad28f39\" data-element_type=\"section\" data-e-type=\"section\">\n\t\t\t\t\t\t<div class=\"elementor-container elementor-column-gap-no\">\n\t\t\t\t\t<div class=\"elementor-column elementor-col-100 elementor-inner-column elementor-element elementor-element-70a80e4a\" data-id=\"70a80e4a\" data-element_type=\"column\" data-e-type=\"column\" data-settings=\"{&quot;background_background&quot;:&quot;classic&quot;}\">\n\t\t\t<div class=\"elementor-widget-wrap elementor-element-populated\">\n\t\t\t\t\t<div class=\"elementor-background-overlay\"><\/div>\n\t\t\t\t\t\t<div class=\"elementor-element elementor-element-7267737d animated-slow elementor-invisible elementor-widget elementor-widget-houzez_elementor_section_title\" data-id=\"7267737d\" data-element_type=\"widget\" data-e-type=\"widget\" data-settings=\"{&quot;_animation&quot;:&quot;fadeIn&quot;}\" data-widget_type=\"houzez_elementor_section_title.default\">\n\t\t\t\t<div class=\"elementor-widget-container\">\n\t\t\t\t\t            <div class=\"houzez_section_title_wrap section-title-module\">\n                                    <h2 class=\"houzez_section_title\">Merci de nous avoir contact\u00e9s.<\/h2>\n                \n                                    <p class=\"houzez_section_subtitle\">Ahvendre est un guichet unique de m\u00e9dias pour les professionnels de l'industrie commerciale et r\u00e9sidentielle. Si vous \u00eates press\u00e9, veuillez appeler ou envoyer un message au 514-441-2597, sinon utilisez ce formulaire et nous vous r\u00e9pondrons rapidement.\n<\/p>\n                            <\/div>\n            \t\t\t\t<\/div>\n\t\t\t\t<\/div>\n\t\t\t\t<div class=\"elementor-element elementor-element-73644925 animated-slow elementor-invisible elementor-widget elementor-widget-houzez_elementor_section_title\" data-id=\"73644925\" data-element_type=\"widget\" data-e-type=\"widget\" data-settings=\"{&quot;_animation&quot;:&quot;fadeIn&quot;}\" data-widget_type=\"houzez_elementor_section_title.default\">\n\t\t\t\t<div class=\"elementor-widget-container\">\n\t\t\t\t\t            <div class=\"houzez_section_title_wrap section-title-module\">\n                \n                                    <p class=\"houzez_section_subtitle\"><div id=\"quform-f3252b\" class=\"quform quform-3 quform-theme-minimal quform-support-page-caching\"><form id=\"quform-form-f3252b\" class=\"quform-form quform-form-3\" action=\"\/fr\/wp-json\/wp\/v2\/pages\/36062#quform-f3252b\" method=\"post\" enctype=\"multipart\/form-data\" novalidate=\"novalidate\" data-options=\"{&quot;id&quot;:3,&quot;uniqueId&quot;:&quot;f3252b&quot;,&quot;theme&quot;:&quot;minimal&quot;,&quot;ajax&quot;:true,&quot;logic&quot;:{&quot;logic&quot;:[],&quot;dependents&quot;:[],&quot;elementIds&quot;:[],&quot;dependentElementIds&quot;:[],&quot;animate&quot;:true},&quot;currentPageId&quot;:1,&quot;errorsIcon&quot;:&quot;&quot;,&quot;updateFancybox&quot;:true,&quot;hasPages&quot;:false,&quot;pages&quot;:[1],&quot;pageProgressType&quot;:&quot;numbers&quot;,&quot;tooltipsEnabled&quot;:true,&quot;tooltipClasses&quot;:&quot;qtip-quform-dark qtip-shadow&quot;,&quot;tooltipMy&quot;:&quot;left center&quot;,&quot;tooltipAt&quot;:&quot;right center&quot;,&quot;isRtl&quot;:false,&quot;scrollOffset&quot;:-50,&quot;scrollSpeed&quot;:800}\"><button class=\"quform-default-submit\" name=\"quform_submit\" type=\"submit\" value=\"submit\" aria-hidden=\"true\" tabindex=\"-1\"><\/button><div class=\"quform-form-inner quform-form-inner-3\"><input type=\"hidden\" name=\"quform_form_id\" value=\"3\" \/><input type=\"hidden\" name=\"quform_form_uid\" value=\"f3252b\" \/><input type=\"hidden\" name=\"quform_count\" value=\"1\" \/><input type=\"hidden\" name=\"form_url\" value=\"https:\/\/ahvendre.com\/fr\/wp-json\/wp\/v2\/pages\/36062\" \/><input type=\"hidden\" name=\"referring_url\" value=\"\" \/><input type=\"hidden\" name=\"post_id\" value=\"\" \/><input type=\"hidden\" name=\"post_title\" value=\"\" \/><input type=\"hidden\" name=\"quform_current_page_id\" value=\"1\" \/><input type=\"hidden\" name=\"quform_csrf_token\" value=\"4KK38BnRtXn1mSwc9Jq83j3PFXZ0qo9su5qIk83W\" \/><div class=\"quform-elements quform-elements-3 quform-cf quform-responsive-elements-phone-landscape\"><div class=\"quform-element quform-element-page quform-page-1 quform-page-3_1 quform-cf quform-group-style-plain quform-first-page quform-last-page quform-current-page\"><div class=\"quform-child-elements\"><div class=\"quform-element quform-element-name quform-element-3_3 quform-cf quform-labels-left quform-element-optional\"><div class=\"quform-spacer\"><div class=\"quform-label quform-label-3_3\"><label class=\"quform-label-text\" id=\"quform_3_3_f3252b_label\">Name<\/label><\/div><div class=\"quform-inner quform-inner-name quform-inner-3_3\"><div class=\"quform-input quform-input-name quform-input-3_3 quform-cf\"><div class=\"quform-element-row quform-2-columns quform-element-row-size-fixed quform-responsive-columns-phone-landscape\"><div class=\"quform-element-column\"><div class=\"quform-element quform-element-text quform-element-3_3_2 quform-cf quform-labels-left quform-element-optional\"><div class=\"quform-spacer\"><div class=\"quform-inner quform-inner-text quform-inner-3_3_2\"><div class=\"quform-input quform-input-text quform-input-3_3_2 quform-cf\"><input type=\"text\" id=\"quform_3_3_2_f3252b\" name=\"quform_3_3[2]\" class=\"quform-field quform-field-text quform-field-3_3_2\" aria-labelledby=\"quform_3_3_f3252b_label quform_3_3_2_f3252b_sub_label_below\" \/><\/div><label id=\"quform_3_3_2_f3252b_sub_label_below\" class=\"quform-sub-label quform-sub-label-below\">First<\/label><\/div><\/div><\/div><\/div><div class=\"quform-element-column\"><div class=\"quform-element quform-element-text quform-element-3_3_4 quform-cf quform-labels-left quform-element-optional\"><div class=\"quform-spacer\"><div class=\"quform-inner quform-inner-text quform-inner-3_3_4\"><div class=\"quform-input quform-input-text quform-input-3_3_4 quform-cf\"><input type=\"text\" id=\"quform_3_3_4_f3252b\" name=\"quform_3_3[4]\" class=\"quform-field quform-field-text quform-field-3_3_4\" aria-labelledby=\"quform_3_3_f3252b_label quform_3_3_4_f3252b_sub_label_below\" \/><\/div><label id=\"quform_3_3_4_f3252b_sub_label_below\" class=\"quform-sub-label quform-sub-label-below\">Last<\/label><\/div><\/div><\/div><\/div><\/div><\/div><\/div><\/div><\/div><div class=\"quform-element quform-element-row quform-element-row-3_8 quform-2-columns quform-element-row-size-fixed quform-responsive-columns-phone-landscape\"><div class=\"quform-element quform-element-column quform-element-3_9\"><div class=\"quform-element quform-element-email quform-element-3_4 quform-cf quform-labels-left quform-element-required\"><div class=\"quform-spacer\"><div class=\"quform-label quform-label-3_4\"><label class=\"quform-label-text\" for=\"quform_3_4_f3252b\">Email address<span class=\"quform-required\">*<\/span><\/label><\/div><div class=\"quform-inner quform-inner-email quform-inner-3_4\"><div class=\"quform-input quform-input-email quform-input-3_4 quform-cf\"><input type=\"email\" id=\"quform_3_4_f3252b\" name=\"quform_3_4\" class=\"quform-field quform-field-email quform-field-3_4\" \/><\/div><\/div><\/div><\/div><\/div><div class=\"quform-element quform-element-column quform-element-3_10\"><div class=\"quform-element quform-element-text quform-element-3_5 quform-cf quform-labels-left quform-element-optional\"><div class=\"quform-spacer\"><div class=\"quform-label quform-label-3_5\"><label class=\"quform-label-text\" for=\"quform_3_5_f3252b\">Phone<\/label><\/div><div class=\"quform-inner quform-inner-text quform-inner-3_5\"><div class=\"quform-input quform-input-text quform-input-3_5 quform-cf\"><input type=\"text\" id=\"quform_3_5_f3252b\" name=\"quform_3_5\" class=\"quform-field quform-field-text quform-field-3_5\" \/><\/div><\/div><\/div><\/div><\/div><\/div><div class=\"quform-element quform-element-textarea quform-element-3_7 quform-cf quform-labels-left quform-element-optional\"><div class=\"quform-spacer\"><div class=\"quform-label quform-label-3_7\"><label class=\"quform-label-text\" for=\"quform_3_7_f3252b\">Message<\/label><\/div><div class=\"quform-inner quform-inner-textarea quform-inner-3_7\"><div class=\"quform-input quform-input-textarea quform-input-3_7 quform-cf\"><textarea id=\"quform_3_7_f3252b\" name=\"quform_3_7\" class=\"quform-field quform-field-textarea quform-field-3_7\"><\/textarea><\/div><\/div><\/div><\/div><div class=\"quform-element quform-element-captcha quform-element-3_11 quform-cf quform-labels-left quform-element-required\"><div class=\"quform-spacer\"><div class=\"quform-label quform-label-3_11\"><label class=\"quform-label-text\" for=\"quform_3_11_f3252b\">Please type the characters<span class=\"quform-required\">*<\/span><\/label><\/div><div class=\"quform-inner quform-inner-captcha quform-inner-3_11\"><div class=\"quform-input quform-input-captcha quform-input-3_11 quform-cf\"><input type=\"text\" id=\"quform_3_11_f3252b\" name=\"quform_3_11\" class=\"quform-field quform-field-captcha quform-field-3_11\" \/><\/div><div class=\"quform-captcha quform-cf\"><div class=\"quform-captcha-image quform-captcha-image-3_11\"><img decoding=\"async\" class=\"quform-captcha-image-img\" src=\"data:image\/png;base64,iVBORw0KGgoAAAANSUhEUgAAAOYAAABQBAMAAAD\/1xTgAAAAG1BMVEX\/\/\/8iIiLHx8esrKyQkJB0dHQ9PT3j4+NZWVndByTAAAAACXBIWXMAAA7EAAAOxAGVKw4bAAACe0lEQVRoge2XTW\/TQBCGHTux98iSJuToUAocMS1Sjw0BesUSKdcuRajHhCDCsValKD+b2Y+ZdVpBEJ3Nad\/TJrL28c7Hu+MkiYqKioqKior6fxXfD4\/n+8Nl72ZrJUH9\/TEb6TQMCElPpqX\/VUhSuOAe6SOd+zewZ7xeS\/kqFPKXZZT4O5Py6uncnPdjCN7he3Xl4vi4xbSsWl4GQNauVmYXreQRs5KP+JGuWkalod\/cZf4MElvThfIMVj3fjcQsXgdAJsuTCXahkqNt5ipYo+R4vgklNNMnfwMhuA1EFViwC+pGYJ5PTNAPwjAhj0\/MIqduBOba9c9NEGaGTEGEzHsfpni14mSmyIQDX7aYt\/Pi1JW0Mf2SkVlgPreZX\/Sicu+TEpxJWLe9dmxtTLtYRQ0zs3H7Cqoh7+3UswteR6rdvrm\/uZqBW0DHBGFOXH1U3uR\/nLnFGP\/TzIKPObZ5LJTE0yUFDl9t5qkcfuZigv+MYOPn2DOJTnH\/DrMjN7qBuMaGDuw1OP7Q2rFHwxflEx4abhSbF+boOTRYLuj+brBujTFmbM7Qw7mS9oOI2uOl5PK5gVdc\/tt1zupzNXY2BHMC5jg3Uch9yh8m467Xb1tXZcc5UqrIfiytyzXYQwD723ezriF4h2Xj75XcTGMZWxHJexGjbwfKnzD+n7IxlZ9snbCsPIKbWd\/P0kuLHFDMhYst14daJQ+6vlGslhe6rvxvYWIhmOo2LcHcm13XhjBRHTN9S6ihwrH6r0ywILgGWAzXfvfJrzseE9qTa2qdB0obwqcXu54SrKPn0XQnMNHdswk3Yv9B6bfy2Wy6V2RUVFRUVFRUVFTUv+o3p75gA9VliiEAAAAASUVORK5CYII=\" alt=\"Image CAPTCHA\" data-element-id=\"11\" width=\"115\" height=\"40\" \/><\/div><\/div><p class=\"quform-description quform-description-below\">This helps us prevent spam, thank you.<\/p><\/div><\/div><\/div><div class=\"quform-element quform-element-submit quform-element-3_2 quform-cf quform-button-style-theme quform-button-size-medium\"><div class=\"quform-button-submit quform-button-submit-default quform-button-submit-3_2\"><button name=\"quform_submit\" type=\"submit\" class=\"quform-submit\" value=\"submit\"><span class=\"quform-button-text quform-button-submit-text\">Soumettre<\/span><\/button><\/div><div class=\"quform-loading quform-loading-position-left quform-loading-type-spinner-1\"><div class=\"quform-loading-inner\"><div class=\"quform-loading-spinner\"><div class=\"quform-loading-spinner-inner\"><\/div><\/div><\/div><\/div><\/div><div class=\"quform-element-tree\"><label for=\"quform_3_0_f3252b\">Ce champ devrait \u00eatre laiss\u00e9 vide<\/label><input type=\"text\" id=\"quform_3_0_f3252b\" name=\"quform_3_0\" class=\"quform-field quform-field-tree quform-field-3_0\" tabindex=\"-1\" autocomplete=\"off\" \/><\/div><\/div><\/div><\/div><\/div><\/form><\/div><\/p>\n                            <\/div>\n            \t\t\t\t<\/div>\n\t\t\t\t<\/div>\n\t\t\t\t\t<\/div>\n\t\t<\/div>\n\t\t\t\t\t<\/div>\n\t\t<\/section>\n\t\t\t\t<div class=\"elementor-element elementor-element-6005e67c elementor-widget elementor-widget-houzez_elementor_space\" data-id=\"6005e67c\" data-element_type=\"widget\" data-e-type=\"widget\" data-widget_type=\"houzez_elementor_space.default\">\n\t\t\t\t<div class=\"elementor-widget-container\">\n\t\t\t\t\t        <div class=\"houzez-spacer\">\n            <div class=\"houzez-spacer-inner\"><\/div>\n        <\/div>\n        \t\t\t\t<\/div>\n\t\t\t\t<\/div>\n\t\t\t\t\t<\/div>\n\t\t<\/div>\n\t\t\t\t\t<\/div>\n\t\t<\/section>\n\t\t\t\t<\/div>\n\t\t","protected":false},"excerpt":{"rendered":"<p>Merci de nous avoir contact\u00e9s. Ahvendre est un guichet unique de m\u00e9dias pour les professionnels de l&#8217;industrie commerciale et r\u00e9sidentielle. Si vous \u00eates press\u00e9, veuillez appeler ou envoyer un message au 514-441-2597, sinon utilisez ce formulaire et nous vous r\u00e9pondrons rapidement.<\/p>\n","protected":false},"author":1,"featured_media":35578,"parent":0,"menu_order":0,"comment_status":"closed","ping_status":"closed","template":"elementor_header_footer","meta":{"_acf_changed":false,"footnotes":""},"class_list":["post-36062","page","type-page","status-publish","has-post-thumbnail","hentry"],"acf":[],"_links":{"self":[{"href":"https:\/\/ahvendre.com\/fr\/wp-json\/wp\/v2\/pages\/36062","targetHints":{"allow":["GET"]}}],"collection":[{"href":"https:\/\/ahvendre.com\/fr\/wp-json\/wp\/v2\/pages"}],"about":[{"href":"https:\/\/ahvendre.com\/fr\/wp-json\/wp\/v2\/types\/page"}],"author":[{"embeddable":true,"href":"https:\/\/ahvendre.com\/fr\/wp-json\/wp\/v2\/users\/1"}],"replies":[{"embeddable":true,"href":"https:\/\/ahvendre.com\/fr\/wp-json\/wp\/v2\/comments?post=36062"}],"version-history":[{"count":2,"href":"https:\/\/ahvendre.com\/fr\/wp-json\/wp\/v2\/pages\/36062\/revisions"}],"predecessor-version":[{"id":43831,"href":"https:\/\/ahvendre.com\/fr\/wp-json\/wp\/v2\/pages\/36062\/revisions\/43831"}],"wp:featuredmedia":[{"embeddable":true,"href":"https:\/\/ahvendre.com\/fr\/wp-json\/wp\/v2\/media\/35578"}],"wp:attachment":[{"href":"https:\/\/ahvendre.com\/fr\/wp-json\/wp\/v2\/media?parent=36062"}],"curies":[{"name":"wp","href":"https:\/\/api.w.org\/{rel}","templated":true}]}}